{"id":1067,"date":"2021-03-22T01:31:39","date_gmt":"2021-03-22T01:31:39","guid":{"rendered":"https:\/\/toneoz.com\/blog\/?page_id=1067"},"modified":"2021-09-14T06:48:27","modified_gmt":"2021-09-14T06:48:27","slug":"apps-list","status":"publish","type":"page","link":"https:\/\/toneoz.com\/blog\/apps-list\/","title":{"rendered":"Apps List \u5de5\u5177\u5217\u8868"},"content":{"rendered":"\n<p>Intructions for all our online tools <br>\u7c21\u4ecb\u6211\u5011\u7684\u6240\u6709\u7dda\u4e0a\u5de5\u5177<\/p>\n\n\n\n<div class=\"wp-block-image\"><figure class=\"aligncenter size-large is-resized\"><a href=\"https:\/\/toneoz.com\"><img loading=\"lazy\" src=\"https:\/\/toneoz.com\/img\/introimg\/20210913-3.jpg\" alt=\"\" width=\"247\" height=\"102\"\/><\/a><figcaption><a href=\"https:\/\/toneoz.com\">\u270d Pinyin Zhuyin Editor \u62fc\u97f3\u6ce8\u97f3\u7de8\u8f2f\u5668<\/a><\/figcaption><\/figure><\/div>\n\n\n\n<div class=\"wp-block-image\"><figure class=\"aligncenter size-large is-resized\"><a href=\"https:\/\/toneoz.com\/ime\"><img loading=\"lazy\" src=\"https:\/\/toneoz.com\/img\/introimg\/20210913-1.jpg\" alt=\"\" width=\"248\" height=\"103\"\/><\/a><figcaption><a href=\"https:\/\/toneoz.com\/ime\">IVS\u5b57\u578b\u9078\u97f3\u7de8\u8f2f\u5668<\/a><\/figcaption><\/figure><\/div>\n\n\n\n<div class=\"wp-block-image\"><figure class=\"aligncenter size-large is-resized\"><a href=\"https:\/\/toneoz.com\/data\/\"><img loading=\"lazy\" src=\"https:\/\/toneoz.com\/img\/introimg\/20210913-2.jpg\" alt=\"\" width=\"247\" height=\"102\"\/><\/a><figcaption><a href=\"https:\/\/toneoz.com\/data\/\">Pronunciation data <\/a><br><a href=\"https:\/\/toneoz.com\/data\/\">\u666e\u901a\u8a71\u8207\u570b\u8a9e\uff0c\u8a9e\u97f3\u5dee\u7570\u8a5e\u5eab<\/a><\/figcaption><\/figure><\/div>\n\n\n\n<div class=\"wp-block-image\"><figure class=\"aligncenter size-large is-resized\"><a href=\"https:\/\/gsuite.google.com\/u\/0\/marketplace\/app\/%E6%8B%BC%E9%9F%B3%E6%B3%A8%E9%9F%B3%E7%B7%A8%E8%BC%AF%E5%99%A8_toneoz_pinyin_zhuyin\/1000160772083\"><img loading=\"lazy\" src=\"https:\/\/toneoz.com\/img\/introimg\/20210913-5.jpg\" alt=\"\" width=\"249\" height=\"103\"\/><\/a><figcaption>  <a href=\"https:\/\/gsuite.google.com\/u\/0\/marketplace\/app\/%E6%8B%BC%E9%9F%B3%E6%B3%A8%E9%9F%B3%E7%B7%A8%E8%BC%AF%E5%99%A8_toneoz_pinyin_zhuyin\/1000160772083\">Google Slides Add-ons \u8c37\u6b4c\u7c21\u5831\u5916\u639b<\/a> <\/figcaption><\/figure><\/div>\n\n\n\n<h2>\u270d Pinyin Zhuyin Editor \u62fc\u97f3\u6ce8\u97f3\u7de8\u8f2f\u5668<\/h2>\n\n\n\n<div class=\"wp-block-image\"><figure class=\"alignleft size-large is-resized\"><a href=\"https:\/\/toneoz.com\"><img loading=\"lazy\" src=\"https:\/\/toneoz.com\/img\/20210321_intro_phone.jpg\" alt=\"\" width=\"255\" height=\"467\"\/><\/a><\/figure><\/div>\n\n\n\n<p>A web App to add Pinyin or Zhuyin to Chinese words with auto correction for Chinese Heteronyms &amp; Orthography.  Support both Common Tongue &amp; National Language, Color by tone, free online Google fonts, insert fill blank, tone stroke, and lots of features. Output transparent background images, compatible with All Editors including Microsot Word \/ Google Doc \/ Apple Pages \/ WordPress \/ WhatsApp \/ Messenger .<\/p>\n\n\n\n<p>\u7dda\u4e0a\u5c07\u6574\u7bc7\u6587\u7ae0\u81ea\u52d5\u52a0\u4e0a\u6f22\u8a9e\u62fc\u97f3\u6216\u6ce8\u97f3, \u81ea\u52d5\u7834\u97f3\u6821\u6b63\u53ca\u6f22\u8a9e\u62fc\u97f3\u6b63\u8a5e\u6cd5\u9023\u8a5e, \u514d\u5b89\u88dd. \u652f\u63f4\u666e\u901a\u8a71\u6216\u570b\u8a9e\u6821\u6b63\u97f3, \u4f9d\u7167\u8072\u8abf\u8a2d\u5b9a\u8272\u5f69, \u8c37\u6b4c\u96f2\u7aef\u5b57\u578b\u514d\u8cbb\u5546\u7528, \u586b\u7a7a\u683c, \u8072\u8abf\u6717\u8b80\u7b26\u865f, \u4ee5\u53ca\u591a\u7a2e\u9032\u968e\u529f\u80fd. \u8f38\u51fa\u900f\u660e\u80cc\u666f\u5716\u6a94, \u76f8\u5bb9 Microsot Word \/ Google Doc \/ Apple Pages \/ WordPress \/ WhatsApp \/ Messenger \u7b49\u5404\u7a2eApp\u7de8\u8f2f\u8edf\u9ad4<br><\/p>\n\n\n\n<h2><a href=\"https:\/\/toneoz.com\/ime\">IVS\u5b57\u578b\u9078\u97f3\u7de8\u8f2f\u5668<\/a><\/h2>\n\n\n\n<div class=\"wp-block-image\"><figure class=\"aligncenter size-large\"><a href=\"https:\/\/toneoz.com\/ime\"><img src=\"https:\/\/toneoz.com\/blog\/wp-content\/uploads\/2021\/09\/20210908-9-1024x576.jpg\" alt=\"\" class=\"wp-image-2019\"\/><\/a><\/figure><\/div>\n\n\n\n<p>\u514d\u8d39\u7684\u5728\u7ebf\u9009\u97f3\u7f16\u8f91\u5668&nbsp;<a href=\"https:\/\/toneoz.com\/ime\">https:\/\/toneoz.com\/ime<\/a>&nbsp;\uff0c\u652f\u6301\u81ea\u52a8\u9009\u62e9\u6b63\u786e\u591a\u97f3\u5b57\u62fc\u97f3\uff0c\u80fd\u591f\u5c06\u5185\u5d4c\u62fc\u97f3\u8d44\u8baf\u7684\u7eaf\u6587\u5b57(IVS\u5b57\u578b)\u8d34\u5230Office\uff0c\u7701\u4e0b\u5927\u91cf\u6392\u7248\u53ca\u7834\u97f3\u5b57\u6821\u6b63\u7684\u65f6\u95f4\u3002\u300c\u8868\u610f\u6587\u5b57\u53d8\u4f53\u591a\u97f3\u5b57\u9009\u62e9\u5668\u300d\u7684\u6982\u5ff5\u6765\u81eaBut Ko\u7684\u300c\u6ce8\u97f3IVS\u5b57\u578b\u89c4\u683c\u300d\u3002<\/p>\n\n\n\n<h2>Google Slides Add-ons \u8c37\u6b4c\u7c21\u5831\u5916\u639b<\/h2>\n\n\n\n<div class=\"wp-block-image\"><figure class=\"alignleft size-large is-resized\"><a href=\"https:\/\/gsuite.google.com\/u\/0\/marketplace\/app\/%E6%8B%BC%E9%9F%B3%E6%B3%A8%E9%9F%B3%E7%B7%A8%E8%BC%AF%E5%99%A8_toneoz_pinyin_zhuyin\/1000160772083\"><img loading=\"lazy\" src=\"https:\/\/toneoz.com\/img\/20210321_intro_gslide.jpg\" alt=\"\" width=\"247\" height=\"241\"\/><\/a><\/figure><\/div>\n\n\n\n<p>An Add-ons plugin for Google Slides. Support save\/load for ToneOZ Pinyin Zhuyin Editor. Insert the image and the meta data gnereated by ToneOZ into Google Slides. You can share your document with your friends. They don\u2019t have to install anything and they can see\/read ToneOZ images in your document as the same format you see. The plugin is only required if you need to read back the meta data to edit.<\/p>\n\n\n\n<p>\u62fc\u97f3\u6ce8\u97f3\u7de8\u8f2f\u5668\u7684\u8c37\u6b4c\u7c21\u5831\u5916\u639b, \u652f\u63f4\u5b58\u6a94\u4fee\u6539\u7de8\u8f2f. \u5e6b\u60a8\u5c07ToneOZ\u7de8\u8f2f\u8f38\u51fa\u7684\u900f\u660e\u80cc\u666f\u5716\u6a94\u9023\u540c\u4e2d\u7e7c\u8cc7\u6599\u4e00\u8d77\u5d4c\u5165\u8c37\u6b4c\u7c21\u5831. \u7c21\u5831\u6a94\u6848\u53ef\u76f4\u63a5\u5206\u4eab\u7d66\u4ed6\u4eba, \u4e0d\u9700\u8981\u5b89\u88dd\u5916\u639b\u4fbf\u53ef\u76f4\u63a5\u8b80\u53d6. \u53ea\u6709\u7576\u60a8\u9700\u8981\u518d\u7528ToneOZ\u91cd\u8907\u7de8\u8f2f\u6642\u624d\u9700\u8981\u5b89\u88dd\u5916\u639b.<\/p>\n\n\n\n<h2>Mandarin <strong>pronunciation <strong>differences<\/strong><\/strong> <strong>between P\u01d4t\u014dnghu\u00e0 (Common Tongue) and Gu\u00f3y\u01d4 (National Language)<\/strong> \u666e\u901a\u8a71\u8207\u570b\u8a9e\uff0c\u8a9e\u97f3\u5dee\u7570\u8a5e\u5eab<\/h2>\n\n\n\n<div class=\"wp-block-image\"><figure class=\"alignleft size-large is-resized\"><a href=\"https:\/\/toneoz.com\/data\"><img loading=\"lazy\" src=\"https:\/\/toneoz.com\/img\/20210321_intro_data.jpg\" alt=\"\" width=\"248\" height=\"243\"\/><\/a><\/figure><\/div>\n\n\n\n<p>A pronunciation differences database for the two Mandarin systems, Common Tongue and the National Language. In 2021 we collected 170k mandarin vocabulary entries from the Chinese dictionaries \u201cCC-CEDICT\u201d, \u201cNational Language Dictionary\u201d, and \u201cJieba\u201d the Chinese words segmentation system. Including a words index and a parsing mode.<\/p>\n\n\n\n<p>\u6d77\u5cfd\u5169\u5cb8\u4e2d\u6587\u8a9e\u97f3\u5dee\u7570\u8cc7\u6599\u5eab, \u4ee5\u901a\u884c\u73fe\u4ee3\u7684\u6f22\u8a9e\u8a9e\u97f3\u4f86\u6bd4\u5c0d\u666e\u901a\u8a71\u8207\u570b\u8a9e\u7684\u8a9e\u97f3\u5dee\u7570\u3002 \u4ee5\u4e09\u500b\u4e0d\u540c\u7684\u6f22\u8a9e\u8a5e\u5eab\u70ba\u57fa\u790e(CC-CEDICT, Jeiba, \u570b\u8a9e\u8fad\u5178\u7c21\u7de8\u672c)\uff0c \u6bd4\u5c0d 17\u842c \u500b\u4e2d\u6587\u8a5e\u5f59\u7684\u666e\u901a\u8a71\u8207\u570b\u8a9e\u3002\u7d93\u904e\u9010\u4e00\u6821\u5c0d\u5f8c\uff0c\u6211\u5011\u627e\u5230 \u516d\u5343 \u591a\u500b\u8a5e\u6709\u8a9e\u97f3\u5dee\u7570\uff0c\u4f86\u81ea 513 \u500b\u4e2d\u6587\u5b57\u3002 \u6211\u5011\u4ee5\u641c\u5c0b\u5f15\u64ce\u7684\u5f62\u5f0f\uff0c\u5c07\u7814\u7a76\u6210\u679c\u516c\u958b\u5728&nbsp;<a rel=\"noreferrer noopener\" href=\"https:\/\/toneoz.com\/data\" target=\"_blank\">ToneOZ.com\/data<\/a>\uff0c \u514d\u8cbb\u63d0\u4f9b\u7d22\u5f15\u53ca\u6574\u53e5\u5206\u6790\u3002<\/p>\n\n\n<div id=\"ajax-load-more\" class=\"ajax-load-more-wrap default\"  data-alm-id=\"\" data-canonical-url=\"https:\/\/toneoz.com\/blog\/apps-list\/\" data-slug=\"apps-list\" data-post-id=\"1067\"  data-localized=\"ajax_load_more_vars\"><ul aria-live=\"polite\" aria-atomic=\"true\" class=\"alm-listing alm-ajax\" data-container-type=\"ul\" data-repeater=\"default\" data-post-type=\"post, portfolio\" data-order=\"DESC\" data-orderby=\"date\" data-offset=\"0\" data-posts-per-page=\"6\" data-scroll=\"true\" data-scroll-distance=\"100\" data-max-pages=\"0\" data-pause-override=\"false\" data-pause=\"false\" data-button-label=\"Load More\"><\/ul><div class=\"alm-btn-wrap\" style=\"visibility: hidden;\"><button class=\"alm-load-more-btn more \" rel=\"next\" type=\"button\">Load More<\/button><\/div><\/div>\n","protected":false},"excerpt":{"rendered":"<p>Intructions for all our online tools \u7c21\u4ecb\u6211\u5011\u7684\u6240\u6709\u7dda\u4e0a\u5de5\u5177 \u270d Pinyin Zhuyin Editor \u62fc\u97f3\u6ce8\u97f3\u7de8\u8f2f\u5668 A web App to add Pinyin or Zhuyin to Chinese words with auto correction for Chinese Heteronyms &amp; Orthography. Support both Common Tongue &amp; National Language, Color by tone, free online Google fonts, insert fill blank, tone stroke, and lots of features. Output &hellip; <a href=\"https:\/\/toneoz.com\/blog\/apps-list\/\" class=\"more-link\">Continue reading <span class=\"screen-reader-text\">Apps List \u5de5\u5177\u5217\u8868<\/span><\/a><\/p>\n","protected":false},"author":1,"featured_media":906,"parent":0,"menu_order":0,"comment_status":"closed","ping_status":"closed","template":"","meta":[],"categories":[],"tags":[],"_links":{"self":[{"href":"https:\/\/toneoz.com\/blog\/wp-json\/wp\/v2\/pages\/1067"}],"collection":[{"href":"https:\/\/toneoz.com\/blog\/wp-json\/wp\/v2\/pages"}],"about":[{"href":"https:\/\/toneoz.com\/blog\/wp-json\/wp\/v2\/types\/page"}],"author":[{"embeddable":true,"href":"https:\/\/toneoz.com\/blog\/wp-json\/wp\/v2\/users\/1"}],"replies":[{"embeddable":true,"href":"https:\/\/toneoz.com\/blog\/wp-json\/wp\/v2\/comments?post=1067"}],"version-history":[{"count":20,"href":"https:\/\/toneoz.com\/blog\/wp-json\/wp\/v2\/pages\/1067\/revisions"}],"predecessor-version":[{"id":2035,"href":"https:\/\/toneoz.com\/blog\/wp-json\/wp\/v2\/pages\/1067\/revisions\/2035"}],"wp:featuredmedia":[{"embeddable":true,"href":"https:\/\/toneoz.com\/blog\/wp-json\/wp\/v2\/media\/906"}],"wp:attachment":[{"href":"https:\/\/toneoz.com\/blog\/wp-json\/wp\/v2\/media?parent=1067"}],"wp:term":[{"taxonomy":"category","embeddable":true,"href":"https:\/\/toneoz.com\/blog\/wp-json\/wp\/v2\/categories?post=1067"},{"taxonomy":"post_tag","embeddable":true,"href":"https:\/\/toneoz.com\/blog\/wp-json\/wp\/v2\/tags?post=1067"}],"curies":[{"name":"wp","href":"https:\/\/api.w.org\/{rel}","templated":true}]}}