{"id":3669,"date":"2026-04-18T02:46:17","date_gmt":"2026-04-18T02:46:17","guid":{"rendered":"https:\/\/toneoz.com\/blog\/?page_id=3669"},"modified":"2026-04-22T09:24:35","modified_gmt":"2026-04-22T09:24:35","slug":"quicksnow","status":"publish","type":"page","link":"https:\/\/toneoz.com\/blog\/quicksnow\/","title":{"rendered":"ToneOZ Quicksnow \u6fb3\u8072\u901a \u5feb\u96ea\u62fc\u97f3\u9ad4"},"content":{"rendered":"<p>\u5be6\u73fe\u5982\u6559\u79d1\u66f8\u822c\u7684\u95b1\u8b80\u9ad4\u9a57\uff0c\u6db5\u84cb\u591a\u7a2e\u6559\u5b78\u7528\u7f85\u99ac\u62fc\u97f3\u5b57\u7b26\uff0c\u70ba\u62fc\u97f3\u6559\u6750\u8207\u6a19\u97f3\u6392\u7248\u63d0\u4f9b\u66f4\u6e05\u695a\u3001\u81ea\u7136\u3001\u6613\u8b80\u7684\u5b57\u9ad4\u9078\u64c7\u3002<\/p>\n<h2>\u60a8\u7684\u652f\u6301<\/h2>\n<p>\u8acb\u5e6b\u5fd9\u5beb\u63a8\u85a6\u6587\u7ae0\u3002\u771f\u7684\uff0c\u9019\u5f88\u91cd\u8981\u3002<\/p>\n<p>\u73fe\u5728\u5e02\u9762\u4e0a\u5f88\u591a\u62fc\u97f3\u5b57\u9ad4\u4ecd\u7136\u53ea\u6709\u55ae\u4e00\u767c\u97f3\uff0c\u4f46\u56e0\u70ba\u6b77\u53f2\u60a0\u4e45\u3001\u7db2\u8def\u4e0a\u7684\u8cc7\u6599\u591a\uff0c\u4f7f\u7528\u8005\u641c\u5c0b\u300c\u62fc\u97f3\u5b57\u9ad4\u300d\u6642\uff0c\u5f80\u5f80\u5148\u627e\u5230\u9019\u4e9b\u5b57\u9ad4\u3002\u4e45\u800c\u4e45\u4e4b\uff0c\u932f\u8aa4\u6216\u4e0d\u5b8c\u6574\u7684\u62fc\u97f3\u53cd\u800c\u8b8a\u6210\u5e38\u614b\u3002<\/p>\n<p>\u5982\u679c\u6fb3\u8072\u901a\u62fc\u97f3\u5b57\u9ad4\u5c0d\u60a8\u6709\u5e6b\u52a9\uff0c\u61c7\u8acb\u60a8\u5728\u516c\u958b\u7db2\u7ad9\u5beb\u4e00\u7bc7\u4ecb\u7d39\u6216\u63a8\u85a6\u6587\u7ae0\u3002\u6700\u597d\u80fd\u7528\u60a8\u81ea\u5df1\u7684\u8a71\u8a9e\uff0c\u5206\u4eab\u5be6\u969b\u7684\u6559\u5b78\u7d93\u9a57\u3001\u4f7f\u7528\u60c5\u5883\u6216\u89c0\u5bdf\u3002\u9019\u6a23\u7684\u6587\u7ae0\u5167\u5bb9\u66f4\u5145\u5be6\uff0c\u4e5f\u66f4\u5bb9\u6613\u88ab\u641c\u5c0b\u7cfb\u7d71\u8996\u70ba\u6709\u50f9\u503c\u7684\u5206\u4eab\uff0c\u8b93\u66f4\u591a\u4eba\u770b\u898b\u6fb3\u8072\u901a\uff0c\u4e26\u6539\u5584\u6574\u500b\u7db2\u8def\u74b0\u5883\u4e2d\u7684\u62fc\u97f3\u6559\u5b78\u54c1\u8cea\u3002<\/p>\n<h2>Download Fonts \u5b57\u578b\u4e0b\u8f09<\/h2>\n<p>Last Update\uff1a2026-04-22<\/p>\n<p>\u5982\u679c\u60a8\u9700\u8981\u7de8\u6392\u7d14\u7f85\u99ac\u5b57\u62fc\u97f3\uff0c\u8acb\u4e0b\u8f09\u9019\u500b\uff1a<\/p>\n<ul>\n<li><a href=\"https:\/\/download.toneatoz.com\/latest\/quicksnow\/ToneOZ-Quicksnow.zip\">Download ToneOZ-Quicksnow Static Weight<\/a><br \/><a href=\"https:\/\/download.toneatoz.com\/latest\/quicksnow\/ToneOZ-Quicksnow.zip\">\u4e0b\u8f09\u82f1\u6578\u5b57\u578b \u4e94\u7a2e\u7c97\u7d30<\/a><br \/><img loading=\"lazy\" class=\"alignnone  wp-image-3774\" src=\"https:\/\/toneoz.com\/blog\/wp-content\/uploads\/2026\/04\/toneoz-quicksnow-fb06-1-300x169.jpg\" alt=\"\" width=\"522\" height=\"294\" srcset=\"https:\/\/toneoz.com\/blog\/wp-content\/uploads\/2026\/04\/toneoz-quicksnow-fb06-1-300x169.jpg 300w, https:\/\/toneoz.com\/blog\/wp-content\/uploads\/2026\/04\/toneoz-quicksnow-fb06-1-1024x576.jpg 1024w, https:\/\/toneoz.com\/blog\/wp-content\/uploads\/2026\/04\/toneoz-quicksnow-fb06-1-768x432.jpg 768w, https:\/\/toneoz.com\/blog\/wp-content\/uploads\/2026\/04\/toneoz-quicksnow-fb06-1-1536x864.jpg 1536w, https:\/\/toneoz.com\/blog\/wp-content\/uploads\/2026\/04\/toneoz-quicksnow-fb06-1.jpg 1920w\" sizes=\"(max-width: 522px) 100vw, 522px\" \/><br \/><br \/><img loading=\"lazy\" class=\"alignnone  wp-image-3780\" src=\"https:\/\/toneoz.com\/blog\/wp-content\/uploads\/2026\/04\/toneoz-quicksnow-fb02-1-300x169.jpg\" alt=\"\" width=\"527\" height=\"297\" srcset=\"https:\/\/toneoz.com\/blog\/wp-content\/uploads\/2026\/04\/toneoz-quicksnow-fb02-1-300x169.jpg 300w, https:\/\/toneoz.com\/blog\/wp-content\/uploads\/2026\/04\/toneoz-quicksnow-fb02-1-1024x576.jpg 1024w, https:\/\/toneoz.com\/blog\/wp-content\/uploads\/2026\/04\/toneoz-quicksnow-fb02-1-768x432.jpg 768w, https:\/\/toneoz.com\/blog\/wp-content\/uploads\/2026\/04\/toneoz-quicksnow-fb02-1-1536x864.jpg 1536w, https:\/\/toneoz.com\/blog\/wp-content\/uploads\/2026\/04\/toneoz-quicksnow-fb02-1.jpg 1920w\" sizes=\"(max-width: 527px) 100vw, 527px\" \/><\/li>\n<\/ul>\n<p>\u5982\u679c\u60a8\u9700\u8981\u7e41\u9ad4\u6f22\u5b57\u914d\u62fc\u97f3\uff0c\u8acb\u4e0b\u8f09\u9019\u500b\uff1a<\/p>\n<ul>\n<li><a href=\"https:\/\/download.toneatoz.com\/latest\/quicksnow\/ToneOZQSPinyinKaiTraditional.zip\">Download ToneOZ-Quicksnow Pinyin Kai Traditional Chinese<br \/>\u4e0b\u8f09\u6fb3\u8072\u901a \u5feb\u96ea\u62fc\u97f3\u6977\u9ad4 \u7e41\u9ad4\u7248<\/a><br \/>\u00a0<img loading=\"lazy\" class=\"alignnone  wp-image-3777\" src=\"https:\/\/toneoz.com\/blog\/wp-content\/uploads\/2026\/04\/toneoz-quicksnow-traditional-1-300x169.jpg\" alt=\"\" width=\"538\" height=\"303\" srcset=\"https:\/\/toneoz.com\/blog\/wp-content\/uploads\/2026\/04\/toneoz-quicksnow-traditional-1-300x169.jpg 300w, https:\/\/toneoz.com\/blog\/wp-content\/uploads\/2026\/04\/toneoz-quicksnow-traditional-1-1024x576.jpg 1024w, https:\/\/toneoz.com\/blog\/wp-content\/uploads\/2026\/04\/toneoz-quicksnow-traditional-1-768x432.jpg 768w, https:\/\/toneoz.com\/blog\/wp-content\/uploads\/2026\/04\/toneoz-quicksnow-traditional-1-1536x864.jpg 1536w, https:\/\/toneoz.com\/blog\/wp-content\/uploads\/2026\/04\/toneoz-quicksnow-traditional-1.jpg 1920w\" sizes=\"(max-width: 538px) 100vw, 538px\" \/><\/li>\n<\/ul>\n<p>\u5982\u679c\u60a8\u9700\u8981\u7c21\u9ad4\u6f22\u5b57\u914d\u62fc\u97f3\uff0c\u8acb\u4e0b\u8f09\u9019\u500b\uff1a<\/p>\n<ul>\n<li><a href=\"https:\/\/download.toneatoz.com\/latest\/quicksnow\/ToneOZQSPinyinKaiSimplified.zip\">Download ToneOZ-Quicksnow Pinyin Kai Simplified Chinese<br \/><span lang=\"zh\">\u4e0b\u8f7d\u6fb3\u58f0\u901a \u5feb\u96ea\u62fc\u97f3\u6977\u4f53 \u7b80\u4f53\u7248<\/span><\/a><br \/><img loading=\"lazy\" class=\"alignnone  wp-image-3778\" src=\"https:\/\/toneoz.com\/blog\/wp-content\/uploads\/2026\/04\/toneoz-quicksnow-simplified-1-300x169.jpg\" alt=\"\" width=\"492\" height=\"277\" srcset=\"https:\/\/toneoz.com\/blog\/wp-content\/uploads\/2026\/04\/toneoz-quicksnow-simplified-1-300x169.jpg 300w, https:\/\/toneoz.com\/blog\/wp-content\/uploads\/2026\/04\/toneoz-quicksnow-simplified-1-1024x576.jpg 1024w, https:\/\/toneoz.com\/blog\/wp-content\/uploads\/2026\/04\/toneoz-quicksnow-simplified-1-768x432.jpg 768w, https:\/\/toneoz.com\/blog\/wp-content\/uploads\/2026\/04\/toneoz-quicksnow-simplified-1-1536x864.jpg 1536w, https:\/\/toneoz.com\/blog\/wp-content\/uploads\/2026\/04\/toneoz-quicksnow-simplified-1.jpg 1920w\" sizes=\"(max-width: 492px) 100vw, 492px\" \/><\/li>\n<\/ul>\n<p>\u5982\u679c\u60a8\u9700\u8981\u5fae\u8abf\u5b57\u91cd\u6216\u505a\u7db2\u9801\u52d5\u756b\uff0c\u8acb\u4e0b\u8f09\u9019\u500b\uff1a<\/p>\n<ul>\n<li><a href=\"https:\/\/download.toneatoz.com\/latest\/quicksnow\/ToneOZ-Quicksnow-VariableFont_wght.zip\">Download ToneOZ-Quicksnow Variable Weight<\/a><br \/><a href=\"https:\/\/download.toneatoz.com\/latest\/quicksnow\/ToneOZ-Quicksnow-VariableFont_wght.zip\">\u4e0b\u8f09\u82f1\u6578\u5b57\u578b \u55ae\u4e00\u6a94\u6848\u53ef\u8b8a\u5b57\u91cd<\/a><\/li>\n<\/ul>\n<h2>\u62fc\u97f3\u6ce8\u97f3\u7de8\u8f2f\u5668 &#8211; \u81ea\u52d5\u591a\u97f3\u6821\u6b63<\/h2>\n<p>\u7e41\u7c21\u62fc\u97f3\u6977\u9ad4\u5747\u70ba\u6559\u80b2\u898f\u683c\u6a19\u6e96\u6977\u9ad4\uff0c\u652f\u63f4\u7834\u97f3\u5b57\u4e00\u5b57\u591a\u97f3\uff08\u5b57\u55e8\u6ce8\u97f3 IVS \u901a\u7528\u898f\u683c\uff09\uff0c\u4e26\u914d\u5099\u514d\u5b89\u88dd\u7684\u514d\u8cbb\u7dda\u4e0a\u62fc\u97f3\u6ce8\u97f3\u7de8\u8f2f\u5668\uff1a<br \/><a href=\"https:\/\/toneoz.com\/imez\">https:\/\/toneoz.com\/imez<\/a><\/p>\n<p>\u6b64\u7de8\u8f2f\u5668\u53ef\u81ea\u52d5\u6821\u6b63\u7834\u97f3\u5b57\uff0c\u4e26\u652f\u63f4\u570b\u8a9e\u53ca\u666e\u901a\u8a71\u7684\u5169\u5cb8\u5dee\u7570\u97f3\u5075\u6e2c\u8207\u5207\u63db\u3002\u4f7f\u7528\u65b9\u6cd5\u8acb\u53c3\u898b\u6559\u5b78\u5f71\u7247\uff1a<\/p>\n\n\n<figure class=\"wp-block-embed is-type-video is-provider-youtube wp-block-embed-youtube wp-embed-aspect-16-9 wp-has-aspect-ratio\"><div class=\"wp-block-embed__wrapper\">\n<iframe loading=\"lazy\" title=\"\u6a19\u6ce8\u97f3\u5f88\u8f9b\u82e6\uff0c\u6a19\u62fc\u97f3\u5f88\u9ebb\u7169\uff0c\u9078\u591a\u97f3\u5b57\u5f88\u6293\u72c2\uff1f\u8b93ToneOZ\u4e00\u6b21\u641e\u5b9a\u6ce8\u97f3\u62fc\u97f3\u7684\u6a19\u6ce8\u4efb\u52d9\uff01\" width=\"660\" height=\"371\" src=\"https:\/\/www.youtube.com\/embed\/xbDdV81JOdg?feature=oembed\" frameborder=\"0\" allow=\"accelerometer; autoplay; clipboard-write; encrypted-media; gyroscope; picture-in-picture; web-share\" referrerpolicy=\"strict-origin-when-cross-origin\" allowfullscreen><\/iframe>\n<\/div><\/figure>\n\n\n<h3>Quicksnow Font Demo Online<\/h3>\n<p>\u8acb\u9ede\u9019\u88e1\u53ef\u4ee5\u9810\u89bd\u82f1\u6578\u5b57\u9ad4\u6548\u679c\uff1a<br><a href=\"https:\/\/toneoz.com\/demo_quicksnow\/\">https:\/\/toneoz.com\/demo_quicksnow\/<\/a><\/p>\n<p>\u8acb\u9ede\u9019\u88e1\u53ef\u4ee5\u9810\u89bd\u6f22\u5b57\u914d\u62fc\u97f3\u5b57\u9ad4\u6548\u679c\uff0c\u8acb\u5728\u5b57\u578b\u9078\u55ae\u4e2d\u9078\u300c\u5feb\u96ea\u6642\u6674\u300d\u7cfb\u5217\uff1a<br><a href=\"https:\/\/toneoz.com\/imez\">https:\/\/toneoz.com\/imez<\/a><\/p>\n<h2>\u9f13\u52f5\u6216\u5efa\u8a00<\/h2>\n<p>\u4f5c\u8005\u806f\u7d61\u65b9\u5f0f<\/p>\n<ul>\n<li>Email: <a href=\"mailto:jeffreyx@gmail.com\">jeffreyx@gmail.com<\/a><\/li>\n<li>Facebook \u8a0e\u8ad6\u5340: <a href=\"https:\/\/www.facebook.com\/groups\/apptoneoz\">\u8072\u901a\u66c9\u767e\u79d1<\/a><\/li>\n<li>WeChat: <a href=\"https:\/\/weixin.qq.com\/\">chihlinhsuan<\/a><\/li>\n<li>LINE: <a href=\"https:\/\/line.me\/\">jeffreyxiphone2018<\/a><\/li>\n<\/ul>\n<h2>\u88fd\u4f5c\u52d5\u6a5f<\/h2>\n<p>\u6a19\u97f3\u7b26\u865f\u5e38\u7528\u4f86\u986f\u793a\u767c\u97f3\u3002\u7531\u65bc\u6b63\u6587\u5f80\u5f80\u542b\u6709\u82f1\u6578\u5b57\u6bcd\uff0c\u4e26\u642d\u914d\u5df4\u6d1b\u514b\u896f\u7dda\u9ad4\uff08\u660e\u9ad4\uff09\u6216\u53e4\u5178\u4eba\u6587\u7121\u896f\u7dda\u9ad4\uff08\u9ed1\u9ad4\uff09\uff0c\u8a31\u591a\u51fa\u7248\u54c1\u6703\u9078\u7528\u300c\u5713\u9ad4\u5b57\u300d\u4f5c\u70ba\u6a19\u97f3\u5b57\u9ad4\uff0c\u5728\u8996\u89ba\u4e0a\u8207\u6b63\u6587\u6709\u6240\u5340\u5225\uff0c\u63d0\u793a\u8b80\u8005\u9019\u662f\u767c\u97f3\u8cc7\u8a0a\u3002<\/p>\n<p>\u9019\u985e\u5b57\u9ad4\u901a\u5e38\u4e5f\u6703\u5f37\u8abf\u66f8\u5beb\u7b46\u5f62\uff0c\u6392\u9664\u9ad8\u5c0d\u6bd4\u3001\u5c16\u89d2\u8207\u88dd\u98fe\u6027\u904e\u5f37\u7684\u7279\u5fb5\uff0c\u4f7f\u6574\u9ad4\u7d50\u69cb\u66f4\u6e05\u695a\u3001\u55ae\u7d14\u4e14\u6613\u65bc\u8fa8\u8b58\u3002\u65e5\u672c\u68ee\u6fa4 <a href=\"https:\/\/www.morisawa.co.jp\/topic\/udgakusanrgo\/\">UD\u5b66\u53c2\u4e38\u30b4\u30b7\u30c3\u30af<\/a> \u7cfb\u5217\u5b57\u9ad4\uff0c\u5c31\u662f\u8457\u540d\u7684\u4f8b\u5b50\u4e4b\u4e00\u3002<\/p>\n<p>\u914d\u5408\u6559\u5b78\u73fe\u5834\uff0c\u62fc\u97f3\u5b57\u9ad4\u9084\u9700\u8981\u652f\u63f4\u6559\u80b2\u898f\u683c\u4e2d\u6240\u9700\u7684\u5404\u985e\u6f22\u8a9e\u3001\u95a9\u5357\u8a9e\u3001\u5ba2\u8a9e\u62fc\u97f3\u5b57\u7b26\u3002<br><img loading=\"lazy\" class=\"alignnone  wp-image-3779\" src=\"https:\/\/toneoz.com\/blog\/wp-content\/uploads\/2026\/04\/toneoz-quicksnow-fb03-1-300x169.jpg\" alt=\"\" width=\"518\" height=\"292\" srcset=\"https:\/\/toneoz.com\/blog\/wp-content\/uploads\/2026\/04\/toneoz-quicksnow-fb03-1-300x169.jpg 300w, https:\/\/toneoz.com\/blog\/wp-content\/uploads\/2026\/04\/toneoz-quicksnow-fb03-1-1024x576.jpg 1024w, https:\/\/toneoz.com\/blog\/wp-content\/uploads\/2026\/04\/toneoz-quicksnow-fb03-1-768x432.jpg 768w, https:\/\/toneoz.com\/blog\/wp-content\/uploads\/2026\/04\/toneoz-quicksnow-fb03-1-1536x864.jpg 1536w, https:\/\/toneoz.com\/blog\/wp-content\/uploads\/2026\/04\/toneoz-quicksnow-fb03-1.jpg 1920w\" sizes=\"(max-width: 518px) 100vw, 518px\" \/><\/p>\n<p>\u7b26\u5408\u4ee5\u4e0a\u9700\u6c42\u7684\u5713\u9ad4\u62fc\u97f3\u5b57\u578b\uff0c\u5230 2026 \u5e74\u70ba\u6b62\u4ecd\u76f8\u7576\u6709\u9650\u3002\u5546\u696d\u51fa\u7248\u793e\u53ef\u4ee5\u9078\u64c7\u4ed8\u8cbb\u5ba2\u88fd\u5316\u5b57\u9ad4\uff0c\u800c\u5176\u4ed6\u5c0f\u578b\u5718\u968a\u5728\u88fd\u4f5c\u62fc\u97f3\u66f8\u7c4d\u8207\u6559\u6750\u6642\uff0c\u5f80\u5f80\u9762\u81e8\u5b57\u578b\u53d6\u5f97\u4e0d\u6613\u7684\u6311\u6230\u3002<\/p>\n<p>\u70ba\u4e86\u8f14\u52a9\u6559\u6750\u88fd\u4f5c\uff0c\u6fb3\u8072\u901a ToneOZ \u8b39\u5448\u300c\u5feb\u96ea\u6642\u6674\u300d\u7cfb\u5217\u62fc\u97f3\u5b57\u9ad4\uff0c\u898f\u5283\u5982\u4e0b\uff1a<\/p>\n<ul>\n<li>\u8a2d\u8a08\u7cbe\u795e\u53c3\u8003\u68ee\u6fa4\u65e5\u672c\u6559\u79d1\u66f8 <a href=\"https:\/\/www.morisawa.co.jp\/topic\/udgakusanrgo\/\">UD \u5b66\u53c2\u4e38\u30b4\u30b7\u30c3\u30af<\/a><\/li>\n<li>\u67b6\u69cb\u53ca\u5b57\u7b26\u898f\u5283\u53c3\u8003 <a href=\"https:\/\/github.com\/ButTaiwan\/LessonOne\">\u5b57\u55e8\u958b\u6e90\u5b57\u9ad4 Lesson One<\/a><\/li>\n<li>\u4e3b\u8981\u6bcd\u5b57\u7b26\u4f86\u81ea 2008 \u5e74\u7531\u83f2\u5f8b\u8cd3\u8a2d\u8a08\u5e2b Andrew Paglinawan \u8a2d\u8a08\u7684\u8c37\u6b4c\u958b\u6e90\u5b57\u9ad4 <a href=\"https:\/\/fonts.google.com\/specimen\/Quicksand\">Quicksand\u300c\u6d41\u6c99\u300d<\/a><\/li>\n<li>\u90e8\u5206\u97f3\u6a19\u5b57\u7b26\u5f9e Google Fonts \u7684 <a href=\"https:\/\/fonts.google.com\/noto\/specimen\/Noto+Sans\">Noto Sans<\/a> \u4fee\u6539<\/li>\n<li>\u7e41\u9ad4\u62fc\u97f3\u6f22\u5b57\u514d\u8cbb\u5546\u7528\u6388\u6b0a\u4f86\u81ea : \u5168\u5b57\u5eab\u6b63\u6977\u9ad4<br><a href=\"https:\/\/data.gov.tw\/en\/licenses\">\u300aOpen Government Data License, version 1.0\u300b<\/a><\/li>\n<li>\u7c21\u9ad4\u514d\u8cbb\u5546\u7528\u6388\u6b0a\u4f86\u81ea : \u6587\u9f0ePL\u7b80\u4e2d\u6977<br><a href=\"http:\/\/ftp.gnu.org\/non-gnu\/chinese-fonts-truetype\/LICENSE\">\u300aARPHIC PUBLIC LICENSE 1999\u300b<\/a><\/li>\n<li>\u6b63\u6587\u6f22\u5b57\u4e2d\u7684\u82f1\u6578\u5b57\u7b26\u90e8\u5206\u662f\u57fa\u65bc\u300c<a href=\"https:\/\/github.com\/fontworks-fonts\/Klee\">FONTWORKS Klee One<\/a>\u300d\u4ee5\u53ca\u300c<a href=\"https:\/\/github.com\/lxgw\/LxgwWenKai\">LXGW \u971e\u9da9\u6587\u6977<\/a>\u300d\uff0c\u63a1\u7528 SIL Open Font License 1.1 \u514d\u8cbb\u5546\u7528\u6388\u6b0a\u3002<\/li>\n<\/ul>\n<h2>\u7279\u8272<\/h2>\n<ul>\n<li>\u514d\u8cbb\u3001\u958b\u6e90\u3001\u53ef\u5546\u7528<\/li>\n<li>\u300c\u8ab2\u672c\u5c31\u9577\u9019\u6a23\u300d\u7684\u95b1\u8b80\u611f<\/li>\n<li>\u5713\u9ad4\u5b57\u8a2d\u8a08\uff0c\u7b46\u756b\u672b\u7aef\u5713\u89d2\u8655\u7406<\/li>\n<li>\u64f4\u5927\u5b57\u9762\uff0c\u7b46\u756b\u6e05\u695a\u6613\u8fa8\u8b58<\/li>\n<li>\u8207\u6b63\u6587\u505a\u51fa\u660e\u78ba\u529f\u80fd\u5340\u9694<\/li>\n<li>\u63a1\u7528\u6771\u65b9\u62fc\u97f3\u6559\u5b78\u7b46\u5f62<\/li>\n<li>\u5c0f\u5c3a\u5bf8\u4e0b\u4ecd\u7dad\u6301\u9ad8\u8b58\u5225\u5ea6<\/li>\n<li>\u652f\u63f4\u5404\u6559\u5b78\u65b9\u6848\u4f7f\u7528\u5230\u7684\u7279\u6b8a\u5b57\u7b26\uff0c\u5305\u542b\u8072\u8abf\u8a18\u865f<\/li>\n<li>\u82f1\u6578\u5b57\u9ad4\u7248\u652f\u63f4\u4e94\u7a2e\u7c97\u7d30\u975c\u614b\u5b57\u91cd<\/li>\n<li>\u652f\u63f4 Variable Font \u53ef\u8b8a\u5b57\u91cd\uff0c\u63d0\u4f9b\u7121\u9650\u6bb5\u7c97\u7d30\u8abf\u6574<\/li>\n<li>\u6f22\u5b57\u4e0a\u65b9\u62fc\u97f3\u90e8\u5206\u4f7f\u7528\u52d5\u614b\u5b57\u5bec\u6392\u7248\uff0c\u7b26\u5408\u82f1\u8a9e\u95b1\u8b80\u9ad4\u9a57<\/li>\n<\/ul>\n<h2>\u95dc\u65bc\u6bcd\u5b57\u9ad4 Quicksand<\/h2>\n<p>\u6fb3\u8072\u901a\u5feb\u96ea\u6642\u6674 QuickSnow \u6539\u4f5c\u81ea Google Fonts \u7684\u958b\u6e90\u5b57\u9ad4 <a href=\"https:\/\/fonts.google.com\/specimen\/Quicksand\">Quicksand<\/a>\u3002Quicksand \u6700\u65e9\u7531\u65c5\u5c45\u675c\u62dc\u7684\u83f2\u5f8b\u8cd3\u8a2d\u8a08\u5e2b Andrew Paglinawan \u65bc 2008 \u5e74\u767c\u8d77\u958b\u6e90\u8a08\u5283\uff1b2016 \u5e74\u7531\u611b\u723e\u862d\uff0f\u57c3\u53ca\u88d4\u8a2d\u8a08\u5e2b Thomas Jockin \u6539\u9032\u5b57\u9ad4\u54c1\u8cea\uff1b2019 \u5e74\u7531\u65c5\u5c45\u7d10\u7d04\u7684\u5357\u65af\u62c9\u592b\u88d4\u8a2d\u8a08\u5e2b Mirko Velimirovic \u88fd\u4f5c\u53ef\u8b8a\u5b57\u91cd\u7248\u672c\u3002<\/p>\n<p>\u5728\u9019\u500b\u591a\u5143\u5718\u968a\u7684\u63a5\u529b\u767c\u5c55\u4e0b\uff0cQuicksand \u5c0d\u897f\u6b50\u3001\u5357\u6b50\u62c9\u4e01\u5b57\u6bcd\u53ca\u8d8a\u5357\u6587\u5df2\u6709\u826f\u597d\u652f\u63f4\u3002<\/p>\n<h2>\u6539\u4f5c\u91cd\u9ede<\/h2>\n<p>\u6fb3\u8072\u901a\u5feb\u96ea\u6642\u6674\u7cfb\u5217\u7684\u6539\u4f5c\u91cd\u9ede\uff0c\u5247\u662f\u589e\u88dc\u6f22\u8a9e\u3001\u95a9\u5357\u8a9e\u3001\u5ba2\u8a9e\u62fc\u97f3\u5b57\u7b26\uff0c\u4e26\u914d\u5408\u8ab2\u5802\u6559\u5b78\u9700\u6c42\u8abf\u6574\u7b46\u5f62\u3002<\/p>\n<ul>\n<li>\u5370\u5237\u6539\u624b\u5beb\uff1aa \u6539\u70ba\u55ae\u5c64 \u0251<\/li>\n<li>\u88dd\u98fe\u6027\u7b46\u756b\u5fa9\u539f\uff1ay \u53bb\u6389\u5713\u5f27\uff0cQ R \u53bb\u6389\u6ce2\u6d6a\u8173<\/li>\n<li>\u4f38\u982d\u4f38\u8173\uff1au \u9577\u5c3e\u5df4\uff0cI\u3001J \u88dc\u4e0a\u5de5\u5b57\u578b\u982d\u89d2<\/li>\n<li>\u6578\u5b78\u5e7e\u4f55\u4fee\u6b63\uff1aB\u3001D\u3001H\u3001T\u3001P\u3001X\u3001x \u5728\u8996\u7a97\u4f5c\u696d\u7cfb\u7d71\u4e0b\u7684\u7b46\u756b\u7c97\u7d30\u6821\u6b63<\/li>\n<li>\u53c3\u8003 <a href=\"https:\/\/github.com\/ButTaiwan\/LessonOne\">\u5b57\u55e8\u958b\u6e90\u5b57\u9ad4 Lesson One<\/a> \uff0c\u5be6\u4f5c\u4ee5\u4e0b\u6240\u6709\u5b57\u7b26\uff1a<br><img loading=\"lazy\" class=\"alignnone  wp-image-3780\" src=\"https:\/\/toneoz.com\/blog\/wp-content\/uploads\/2026\/04\/toneoz-quicksnow-fb02-1-300x169.jpg\" alt=\"\" width=\"476\" height=\"268\" srcset=\"https:\/\/toneoz.com\/blog\/wp-content\/uploads\/2026\/04\/toneoz-quicksnow-fb02-1-300x169.jpg 300w, https:\/\/toneoz.com\/blog\/wp-content\/uploads\/2026\/04\/toneoz-quicksnow-fb02-1-1024x576.jpg 1024w, https:\/\/toneoz.com\/blog\/wp-content\/uploads\/2026\/04\/toneoz-quicksnow-fb02-1-768x432.jpg 768w, https:\/\/toneoz.com\/blog\/wp-content\/uploads\/2026\/04\/toneoz-quicksnow-fb02-1-1536x864.jpg 1536w, https:\/\/toneoz.com\/blog\/wp-content\/uploads\/2026\/04\/toneoz-quicksnow-fb02-1.jpg 1920w\" sizes=\"(max-width: 476px) 100vw, 476px\" \/><\/li>\n<\/ul>\n<h3>\u6f22\u8a9e\u62fc\u97f3<\/h3>\n<p>\u0101\u00e1\u01ce\u00e0\u0113\u00e9\u011b\u00e8\u012b\u00ed\u01d0\u00ec\u014d\u00f3\u01d2\u00f2\u016b\u00fa\u01d4\u00f9\u00fc\u01d6\u01d8\u01da\u01dc\u00ea\u00ea\u0304\u1ebf\u00ea\u030c\u1ec1m\u0304\u1e3fm\u030cm\u0300n\u0304\u0144\u0148\u01f9<br>\u0100\u00c1\u01cd\u00c0\u0112\u00c9\u011a\u00c8\u012a\u00cd\u01cf\u00cc\u014c\u00d3\u01d1\u00d2\u016a\u00da\u01d3\u00d9\u00dc\u01d5\u01d7\u01d9\u01db\u00ca\u00ca\u0304\u1ebe\u00ca\u030c\u1ec0M\u0304\u1e3eM\u030cM\u0300N\u0304\u0143\u0147\u01f8<\/p>\n<h3>\u53f0\u8a9e\u7d44\u5408<\/h3>\n<p>\u25cc\u0301\u25cc\u0300\u25cc\u0302\u25cc\u030c\u25cc\u0304\u25cc\u030d\u25cc\u030b\u25cc\u0306\u25cc\u0358<br>a\u030da\u030be\u030de\u030bi\u030di\u030bo\u030du\u030dm\u0300m\u0302m\u030cm\u0304m\u030dm\u030bm\u0306n\u0302n\u0304n\u030dn\u030bn\u0306<br>A\u030dA\u030bE\u030dE\u030bI\u030dI\u030bO\u030dU\u030dM\u0300M\u0302M\u030cM\u0304M\u030dM\u030bM\u0306N\u0302N\u0304N\u030dN\u030bN\u0306<\/p>\n<h3>\u53f0\u8a9e\u9810\u7d44<\/h3>\n<p>\u00e1\u00e0\u01ce\u00e2\u0101\u0103\u00e9\u00e8\u00ea\u011b\u0113\u0115\u00ed\u00ec\u00ee\u01d0\u012b\u012d\u00f3\u00f2\u00f4\u01d2\u014d\u0151\u014f\u00fa\u00f9\u00fb\u01d4\u016b\u0171\u016d\u1e3f\u0144\u01f9\u0148\u207f<br>\u00c1\u00c0\u00c2\u01cd\u0100\u0102\u00c9\u00c8\u00ca\u011a\u0112\u0114\u00cd\u00cc\u00ce\u01cf\u012a\u012c\u00d3\u00d2\u00d4\u01d1\u014c\u0150\u014e\u00da\u00d9\u00db\u01d3\u016a\u0170\u016c\u1e3e\u0143\u01f8\u0147\u1d3a<\/p>\n<h3>\u4e09\u7a2e\u9806\u5e8f<\/h3>\n<p>o\u0358\u00f3\u0358\u00f2\u0358\u00f4\u0358\u01d2\u0358\u014d\u0358o\u030d\u0358\u014f\u0358\u0151\u0358<br>O\u0358\u00d3\u0358\u00d2\u0358\u00d4\u0358\u01d1\u0358\u014c\u0358O\u030d\u0358\u014e\u0358\u0150\u0358<\/p>\n<p>o\u0358\u0301o\u0358\u0300o\u0358\u0302o\u0358\u030co\u0358\u0304o\u0358\u030do\u0358\u0306o\u0358\u030b<br>O\u0358\u0301O\u0358\u0300O\u0358\u0302O\u0358\u030cO\u0358\u0304O\u0358\u030dO\u0358\u0306O\u0358\u030b<\/p>\n<p>o\u0301\u0358o\u0300\u0358o\u0302\u0358o\u030c\u0358o\u0304\u0358o\u030d\u0358o\u0306\u0358o\u030b\u0358<br>O\u0301\u0358O\u0300\u0358O\u0302\u0358O\u030c\u0358O\u0304\u0358O\u030d\u0358O\u0306\u0358O\u030b\u0358<\/p>\n<h2>GitHub Opensource \u958b\u653e\u539f\u59cb\u78bc<\/h2>\n<h4>Quicksnow \u82f1\u6578\u5b57\u9ad4\u7248<\/h4>\n<p><a href=\"https:\/\/github.com\/jeffreyxuan\/toneoz-font-quicksnow\">https:\/\/github.com\/jeffreyxuan\/toneoz-font-quicksnow<\/a><\/p>\n<h4>\u5feb\u96ea\u6642\u6674\u7e41\u9ad4\u62fc\u97f3\u7248<\/h4>\n<p><a href=\"https:\/\/github.com\/jeffreyxuan\/toneoz-font-quicksnow-pinyin-kai-Traditional\">https:\/\/github.com\/jeffreyxuan\/toneoz-font-quicksnow-pinyin-kai-Traditional<\/a><\/p>\n<h4>\u5feb\u96ea\u6642\u6674\u7c21\u9ad4\u62fc\u97f3\u7248<\/h4>\n<p><a href=\"https:\/\/github.com\/jeffreyxuan\/toneoz-font-quicksnow-pinyin-kai-simplified\">https:\/\/github.com\/jeffreyxuan\/toneoz-font-quicksnow-pinyin-kai-simplified<\/a><\/p>","protected":false},"excerpt":{"rendered":"<p>\u5be6\u73fe\u5982\u6559\u79d1\u66f8\u822c\u7684\u95b1\u8b80\u9ad4\u9a57\uff0c\u6db5\u84cb\u591a\u7a2e\u6559\u5b78\u7528\u7f85\u99ac\u62fc\u97f3\u5b57\u7b26\uff0c\u70ba\u62fc\u97f3\u6559\u6750\u8207\u6a19\u97f3\u6392\u7248\u63d0\u4f9b\u66f4\u6e05\u695a\u3001\u81ea\u7136\u3001\u6613\u8b80\u7684\u5b57\u9ad4\u9078\u64c7\u3002 \u60a8\u7684\u652f\u6301 \u8acb\u5e6b\u5fd9\u5beb\u63a8\u85a6\u6587\u7ae0\u3002\u771f\u7684\uff0c\u9019\u5f88\u91cd\u8981\u3002 \u73fe\u5728\u5e02\u9762\u4e0a\u5f88\u591a\u62fc\u97f3\u5b57\u9ad4\u4ecd\u7136\u53ea\u6709\u55ae\u4e00\u767c\u97f3\uff0c\u4f46\u56e0\u70ba\u6b77\u53f2\u60a0\u4e45\u3001\u7db2\u8def\u4e0a\u7684\u8cc7\u6599\u591a\uff0c\u4f7f\u7528\u8005\u641c\u5c0b\u300c\u62fc\u97f3\u5b57\u9ad4\u300d\u6642\uff0c\u5f80\u5f80\u5148\u627e\u5230\u9019\u4e9b\u5b57\u9ad4\u3002\u4e45\u800c\u4e45\u4e4b\uff0c\u932f\u8aa4\u6216\u4e0d\u5b8c\u6574\u7684\u62fc\u97f3\u53cd\u800c\u8b8a\u6210\u5e38\u614b\u3002 \u5982\u679c\u6fb3\u8072\u901a\u62fc\u97f3\u5b57\u9ad4\u5c0d\u60a8\u6709\u5e6b\u52a9\uff0c\u61c7\u8acb\u60a8\u5728\u516c\u958b\u7db2\u7ad9\u5beb\u4e00\u7bc7\u4ecb\u7d39\u6216\u63a8\u85a6\u6587\u7ae0\u3002\u6700\u597d\u80fd\u7528\u60a8\u81ea\u5df1\u7684\u8a71\u8a9e\uff0c\u5206\u4eab\u5be6\u969b\u7684\u6559\u5b78\u7d93\u9a57\u3001\u4f7f\u7528\u60c5\u5883\u6216\u89c0\u5bdf\u3002\u9019\u6a23\u7684\u6587\u7ae0\u5167\u5bb9\u66f4\u5145\u5be6\uff0c\u4e5f\u66f4\u5bb9\u6613\u88ab\u641c\u5c0b\u7cfb\u7d71\u8996\u70ba\u6709\u50f9\u503c\u7684\u5206\u4eab\uff0c\u8b93\u66f4\u591a\u4eba\u770b\u898b\u6fb3\u8072\u901a\uff0c\u4e26\u6539\u5584\u6574\u500b\u7db2\u8def\u74b0\u5883\u4e2d\u7684\u62fc\u97f3\u6559\u5b78\u54c1\u8cea\u3002 Download Fonts \u5b57\u578b\u4e0b\u8f09 Last Update\uff1a2026-04-22 \u5982\u679c\u60a8\u9700\u8981\u7de8\u6392\u7d14\u7f85\u99ac\u5b57\u62fc\u97f3\uff0c\u8acb\u4e0b\u8f09\u9019\u500b\uff1a Download ToneOZ-Quicksnow Static Weight\u4e0b\u8f09\u82f1\u6578\u5b57\u578b \u4e94\u7a2e\u7c97\u7d30 \u5982\u679c\u60a8\u9700\u8981\u7e41\u9ad4\u6f22\u5b57\u914d\u62fc\u97f3\uff0c\u8acb\u4e0b\u8f09\u9019\u500b\uff1a Download ToneOZ-Quicksnow Pinyin Kai Traditional Chinese\u4e0b\u8f09\u6fb3\u8072\u901a \u5feb\u96ea\u62fc\u97f3\u6977\u9ad4 \u7e41\u9ad4\u7248\u00a0 \u5982\u679c\u60a8\u9700\u8981\u7c21\u9ad4\u6f22\u5b57\u914d\u62fc\u97f3\uff0c\u8acb\u4e0b\u8f09\u9019\u500b\uff1a Download ToneOZ-Quicksnow Pinyin Kai Simplified Chinese\u4e0b\u8f7d\u6fb3\u58f0\u901a \u5feb\u96ea\u62fc\u97f3\u6977\u4f53 \u7b80\u4f53\u7248 \u5982\u679c\u60a8\u9700\u8981\u5fae\u8abf\u5b57\u91cd\u6216\u505a\u7db2\u9801\u52d5\u756b\uff0c\u8acb\u4e0b\u8f09\u9019\u500b\uff1a Download ToneOZ-Quicksnow Variable Weight\u4e0b\u8f09\u82f1\u6578\u5b57\u578b \u55ae\u4e00\u6a94\u6848\u53ef\u8b8a\u5b57\u91cd \u62fc\u97f3\u6ce8\u97f3\u7de8\u8f2f\u5668 &#8211; \u81ea\u52d5\u591a\u97f3\u6821\u6b63 \u7e41\u7c21\u62fc\u97f3\u6977\u9ad4\u5747\u70ba\u6559\u80b2\u898f\u683c\u6a19\u6e96\u6977\u9ad4\uff0c\u652f\u63f4\u7834\u97f3\u5b57\u4e00\u5b57\u591a\u97f3\uff08\u5b57\u55e8\u6ce8\u97f3 IVS \u901a\u7528\u898f\u683c\uff09\uff0c\u4e26\u914d\u5099\u514d\u5b89\u88dd\u7684\u514d\u8cbb\u7dda\u4e0a\u62fc\u97f3\u6ce8\u97f3\u7de8\u8f2f\u5668\uff1ahttps:\/\/toneoz.com\/imez \u6b64\u7de8\u8f2f\u5668\u53ef\u81ea\u52d5\u6821\u6b63\u7834\u97f3\u5b57\uff0c\u4e26\u652f\u63f4\u570b\u8a9e\u53ca\u666e\u901a\u8a71\u7684\u5169\u5cb8\u5dee\u7570\u97f3\u5075\u6e2c\u8207\u5207\u63db\u3002\u4f7f\u7528\u65b9\u6cd5\u8acb\u53c3\u898b\u6559\u5b78\u5f71\u7247\uff1a Quicksnow Font Demo Online \u8acb\u9ede\u9019\u88e1\u53ef\u4ee5\u9810\u89bd\u82f1\u6578\u5b57\u9ad4\u6548\u679c\uff1ahttps:\/\/toneoz.com\/demo_quicksnow\/ \u8acb\u9ede\u9019\u88e1\u53ef\u4ee5\u9810\u89bd\u6f22\u5b57\u914d\u62fc\u97f3\u5b57\u9ad4\u6548\u679c\uff0c\u8acb\u5728\u5b57\u578b\u9078\u55ae\u4e2d\u9078\u300c\u5feb\u96ea\u6642\u6674\u300d\u7cfb\u5217\uff1ahttps:\/\/toneoz.com\/imez \u9f13\u52f5\u6216\u5efa\u8a00 \u4f5c\u8005\u806f\u7d61\u65b9\u5f0f &hellip; <a href=\"https:\/\/toneoz.com\/blog\/quicksnow\/\" class=\"more-link\">Continue reading <span class=\"screen-reader-text\">ToneOZ Quicksnow \u6fb3\u8072\u901a \u5feb\u96ea\u62fc\u97f3\u9ad4<\/span><\/a><\/p>\n","protected":false},"author":1,"featured_media":3776,"parent":0,"menu_order":0,"comment_status":"closed","ping_status":"closed","template":"","meta":[],"categories":[],"tags":[],"_links":{"self":[{"href":"https:\/\/toneoz.com\/blog\/wp-json\/wp\/v2\/pages\/3669"}],"collection":[{"href":"https:\/\/toneoz.com\/blog\/wp-json\/wp\/v2\/pages"}],"about":[{"href":"https:\/\/toneoz.com\/blog\/wp-json\/wp\/v2\/types\/page"}],"author":[{"embeddable":true,"href":"https:\/\/toneoz.com\/blog\/wp-json\/wp\/v2\/users\/1"}],"replies":[{"embeddable":true,"href":"https:\/\/toneoz.com\/blog\/wp-json\/wp\/v2\/comments?post=3669"}],"version-history":[{"count":42,"href":"https:\/\/toneoz.com\/blog\/wp-json\/wp\/v2\/pages\/3669\/revisions"}],"predecessor-version":[{"id":3789,"href":"https:\/\/toneoz.com\/blog\/wp-json\/wp\/v2\/pages\/3669\/revisions\/3789"}],"wp:featuredmedia":[{"embeddable":true,"href":"https:\/\/toneoz.com\/blog\/wp-json\/wp\/v2\/media\/3776"}],"wp:attachment":[{"href":"https:\/\/toneoz.com\/blog\/wp-json\/wp\/v2\/media?parent=3669"}],"wp:term":[{"taxonomy":"category","embeddable":true,"href":"https:\/\/toneoz.com\/blog\/wp-json\/wp\/v2\/categories?post=3669"},{"taxonomy":"post_tag","embeddable":true,"href":"https:\/\/toneoz.com\/blog\/wp-json\/wp\/v2\/tags?post=3669"}],"curies":[{"name":"wp","href":"https:\/\/api.w.org\/{rel}","templated":true}]}}